{"id":233,"date":"2026-04-17T13:03:40","date_gmt":"2026-04-17T13:03:40","guid":{"rendered":"https:\/\/ptrubik.azdigi.shop\/?post_type=product&#038;p=233"},"modified":"2026-04-19T03:53:55","modified_gmt":"2026-04-19T03:53:55","slug":"gan460-m-v2","status":"publish","type":"product","link":"https:\/\/ptrubik.azdigi.shop\/?product=gan460-m-v2","title":{"rendered":"GAN460 M V2"},"content":{"rendered":"<p>GAN460 M V2. L\u00e0 m\u1ed9t kh\u1ed1i rubik 4&#215;4 hi\u1ec7u su\u1ea5t cao \u0111\u01b0\u1ee3c thi\u1ebft k\u1ebf cho t\u1ed1c \u0111\u1ed9 v\u00e0 kh\u1ea3 n\u0103ng ki\u1ec3m so\u00e1t. GAN460M V2 s\u1edf h\u1eefu c\u01a1 ch\u1ebf r\u00e3nh k\u00e9p gi\u00fap t\u0103ng c\u01b0\u1eddng \u0111\u1ed9 \u1ed5n \u0111\u1ecbnh v\u00e0 gi\u1ea3m hi\u1ec7n t\u01b0\u1ee3ng bung ra. C\u00f9ng v\u1edbi h\u1ec7 th\u1ed1ng t\u1eeb t\u00ednh ho\u00e0n ch\u1ec9nh bao g\u1ed3m 160 nam ch\u00e2m tr\u1ea3i kh\u1eafp c\u00e1c l\u1edbp ngo\u00e0i, trong, gi\u1eefa v\u00e0 l\u00f5i. Vi\u1ec7c xoay chuy\u1ec3n m\u01b0\u1ee3t m\u00e0 v\u00e0 nh\u1ea5t qu\u00e1n nh\u1edd s\u1ef1 c\u0103n ch\u1ec9nh ch\u00ednh x\u00e1c. C\u00f9ng v\u1edbi c\u00e1c b\u1ec1 m\u1eb7t b\u00ean trong c\u00f3 k\u1ebft c\u1ea5u gi\u00fap ph\u00e2n ph\u1ed1i ch\u1ea5t b\u00f4i tr\u01a1n.<\/p>\n<p>C\u00e1c l\u1edbp ngo\u00e0i c\u1ee7a kh\u1ed1i rubik d\u00e0y h\u01a1n m\u1ed9t ch\u00fat \u0111\u1ec3 t\u0103ng \u0111\u1ed9 b\u00e1m v\u00e0 kh\u1ea3 n\u0103ng gi\u1eef h\u00ecnh d\u1ea1ng. V\u1edbi s\u1ef1 l\u1eafp r\u00e1p ch\u1eb7t ch\u1ebd v\u00e0 h\u01a1n 300 \u0111i\u1ec3m kh\u00f3a, c\u1ea5u tr\u00fac c\u1ee7a n\u00f3 mang l\u1ea1i c\u1ea3m gi\u00e1c ch\u1eafc ch\u1eafn v\u00e0 tinh t\u1ebf. Nh\u1eb9 v\u00e0 nh\u1ea1y b\u00e9n, 460 M V2 s\u1eb5n s\u00e0ng cho nh\u1eefng l\u1ea7n gi\u1ea3i nhanh v\u00e0 nh\u1eefng c\u1ea3i ti\u1ebfn v\u01b0\u1ee3t b\u1eadc.<\/p>\n<p>N\u1ebfu b\u1ea1n coi tr\u1ecdng kh\u1ea3 n\u0103ng ki\u1ec3m so\u00e1t ho\u00e0n to\u00e0n v\u00e0 \u0111\u1ed9 b\u00e1m v\u01b0\u1ee3t tr\u1ed9i trong nh\u1eefng l\u1ea7n gi\u1ea3i t\u1ed1c \u0111\u1ed9 cao. GAN460 M V2 ch\u00ednh l\u00e0 s\u1ef1 n\u00e2ng c\u1ea5p m\u00e0 b\u1ea1n \u0111ang t\u00ecm ki\u1ebfm. V\u1edbi tr\u1ecdng l\u01b0\u1ee3ng nh\u1eb9 v\u00e0 kh\u1ea3 n\u0103ng ph\u1ea3n h\u1ed3i v\u01b0\u1ee3t tr\u1ed9i. GAN460 M V2 s\u1eb5n s\u00e0ng \u0111\u00e1p \u1ee9ng m\u1ecdi nhu c\u1ea7u. T\u1eeb c\u00e1c b\u00e0i t\u1eadp nh\u1ecf, n\u1ed7 l\u1ef1c ph\u00e1 k\u1ef7 l\u1ee5c c\u00e1 nh\u00e2n \u0111\u1ebfn c\u00e1c bu\u1ed5i t\u1eadp luy\u1ec7n.<\/p>\n<h3>V\u1ec1 c\u00e1c phi\u00ean b\u1ea3n:<\/h3>\n<p>GAN460 M V2 4&#215;4 c\u00f3 hai phi\u00ean b\u1ea3n (Frosted) v\u00e0 (UV) th\u1eeba h\u01b0\u1edfng to\u00e0n b\u1ed9 c\u00f4ng ngh\u1ec7 ti\u00ean ti\u1ebfn c\u1ee7a d\u00f2ng s\u1ea3n ph\u1ea9m ch\u1ee7 l\u1ef1c. Kh\u00e1c nhau \u1edf vi\u1ec7c c\u1ea7n n\u1eafm c\u1ee7a l\u1edbp nh\u1ef1a b\u1ec1 m\u1eb7t b\u00ean ngo\u1ea1i. Frosted s\u1ebd m\u1ec1m m\u1ea1i b\u1edfi \u0111\u01b0\u1ee3c ph\u1ee7 m\u1ed9t l\u1edbp nh\u00e1m tr\u00ean b\u1ec1 m\u1eb7t. C\u00f2n UV s\u1ebd th\u00edch h\u1ee3p n\u1ebfu b\u1ea1n mu\u1ed1n t\u0103ng \u0111\u1ed9 b\u00e1m tay, ki\u1ec3m so\u00e1t t\u1ed1t h\u01a1n. H\u00e3y l\u1ef1a ch\u1ecdn phi\u00ean b\u1ea3n y\u00eau th\u00edch c\u1ee7a b\u1ea1n.<\/p>\n","protected":false},"excerpt":{"rendered":"<p>GAN460 M V2. L\u00e0 m\u1ed9t kh\u1ed1i rubik 4&#215;4 hi\u1ec7u su\u1ea5t cao \u0111\u01b0\u1ee3c thi\u1ebft k\u1ebf cho t\u1ed1c \u0111\u1ed9 v\u00e0 kh\u1ea3 n\u0103ng ki\u1ec3m so\u00e1t. GAN460M V2 s\u1edf h\u1eefu c\u01a1 ch\u1ebf r\u00e3nh k\u00e9p gi\u00fap t\u0103ng c\u01b0\u1eddng \u0111\u1ed9 \u1ed5n \u0111\u1ecbnh v\u00e0 gi\u1ea3m hi\u1ec7n t\u01b0\u1ee3ng bung ra. C\u00f9ng v\u1edbi h\u1ec7 th\u1ed1ng t\u1eeb t\u00ednh ho\u00e0n ch\u1ec9nh bao g\u1ed3m 160 nam ch\u00e2m [&#8230;]\n","protected":false},"featured_media":234,"comment_status":"open","ping_status":"closed","template":"","meta":[],"product_brand":[29],"product_cat":[26,38],"product_tag":[],"class_list":{"0":"post-233","1":"product","2":"type-product","3":"status-publish","4":"has-post-thumbnail","6":"product_brand-gan","7":"product_cat-4x4","8":"product_cat-sale","10":"first","11":"instock","12":"sale","13":"shipping-taxable","14":"purchasable","15":"product-type-variable"},"yoast_head":"<!-- This site is optimized with the Yoast SEO plugin v26.9 - https:\/\/yoast.com\/product\/yoast-seo-wordpress\/ -->\n<title>GAN460 M V2 - Rubik<\/title>\n<meta name=\"description\" content=\"GAN460 M V2 l\u00e0 m\u1ed9t kh\u1ed1i rubik 4x4 hi\u1ec7u su\u1ea5t cao \u0111\u01b0\u1ee3c thi\u1ebft k\u1ebf cho t\u1ed1c \u0111\u1ed9 v\u00e0 kh\u1ea3 n\u0103ng ki\u1ec3m so\u00e1t. N\u00f3 s\u1edf h\u1eefu c\u01a1 ch\u1ebf r\u00e3nh k\u00e9p gi\u00fap t\u0103ng c\u01b0\u1eddng \u0111\u1ed9 \u1ed5n \u0111\u1ecbnh\" \/>\n<meta name=\"robots\" content=\"index, follow, max-snippet:-1, max-image-preview:large, max-video-preview:-1\" \/>\n<link rel=\"canonical\" href=\"https:\/\/ptrubik.azdigi.shop\/?product=gan460-m-v2\" \/>\n<meta property=\"og:locale\" content=\"vi_VN\" \/>\n<meta property=\"og:type\" content=\"article\" \/>\n<meta property=\"og:title\" content=\"GAN460 M V2 - Rubik\" \/>\n<meta property=\"og:description\" content=\"GAN460 M V2 l\u00e0 m\u1ed9t kh\u1ed1i rubik 4x4 hi\u1ec7u su\u1ea5t cao \u0111\u01b0\u1ee3c thi\u1ebft k\u1ebf cho t\u1ed1c \u0111\u1ed9 v\u00e0 kh\u1ea3 n\u0103ng ki\u1ec3m so\u00e1t. N\u00f3 s\u1edf h\u1eefu c\u01a1 ch\u1ebf r\u00e3nh k\u00e9p gi\u00fap t\u0103ng c\u01b0\u1eddng \u0111\u1ed9 \u1ed5n \u0111\u1ecbnh\" \/>\n<meta property=\"og:url\" content=\"https:\/\/ptrubik.azdigi.shop\/?product=gan460-m-v2\" \/>\n<meta property=\"og:site_name\" content=\"Rubik\" \/>\n<meta property=\"article:modified_time\" content=\"2026-04-19T03:53:55+00:00\" \/>\n<meta property=\"og:image\" content=\"https:\/\/ptrubik.azdigi.shop\/wp-content\/uploads\/2026\/04\/gan460v2UV.webp\" \/>\n\t<meta property=\"og:image:width\" content=\"800\" \/>\n\t<meta property=\"og:image:height\" content=\"533\" \/>\n\t<meta property=\"og:image:type\" content=\"image\/webp\" \/>\n<meta name=\"twitter:card\" content=\"summary_large_image\" \/>\n<meta name=\"twitter:label1\" content=\"\u01af\u1edbc t\u00ednh th\u1eddi gian \u0111\u1ecdc\" \/>\n\t<meta name=\"twitter:data1\" content=\"2 ph\u00fat\" \/>\n<script type=\"application\/ld+json\" class=\"yoast-schema-graph\">{\"@context\":\"https:\/\/schema.org\",\"@graph\":[{\"@type\":\"WebPage\",\"@id\":\"https:\/\/ptrubik.azdigi.shop\/?product=gan460-m-v2\",\"url\":\"https:\/\/ptrubik.azdigi.shop\/?product=gan460-m-v2\",\"name\":\"GAN460 M V2 - Rubik\",\"isPartOf\":{\"@id\":\"https:\/\/ptrubik.azdigi.shop\/#website\"},\"primaryImageOfPage\":{\"@id\":\"https:\/\/ptrubik.azdigi.shop\/?product=gan460-m-v2#primaryimage\"},\"image\":{\"@id\":\"https:\/\/ptrubik.azdigi.shop\/?product=gan460-m-v2#primaryimage\"},\"thumbnailUrl\":\"https:\/\/ptrubik.azdigi.shop\/wp-content\/uploads\/2026\/04\/gan460v2UV.webp\",\"datePublished\":\"2026-04-17T13:03:40+00:00\",\"dateModified\":\"2026-04-19T03:53:55+00:00\",\"description\":\"GAN460 M V2 l\u00e0 m\u1ed9t kh\u1ed1i rubik 4x4 hi\u1ec7u su\u1ea5t cao \u0111\u01b0\u1ee3c thi\u1ebft k\u1ebf cho t\u1ed1c \u0111\u1ed9 v\u00e0 kh\u1ea3 n\u0103ng ki\u1ec3m so\u00e1t. N\u00f3 s\u1edf h\u1eefu c\u01a1 ch\u1ebf r\u00e3nh k\u00e9p gi\u00fap t\u0103ng c\u01b0\u1eddng \u0111\u1ed9 \u1ed5n \u0111\u1ecbnh\",\"breadcrumb\":{\"@id\":\"https:\/\/ptrubik.azdigi.shop\/?product=gan460-m-v2#breadcrumb\"},\"inLanguage\":\"vi\",\"potentialAction\":[{\"@type\":\"ReadAction\",\"target\":[\"https:\/\/ptrubik.azdigi.shop\/?product=gan460-m-v2\"]}]},{\"@type\":\"ImageObject\",\"inLanguage\":\"vi\",\"@id\":\"https:\/\/ptrubik.azdigi.shop\/?product=gan460-m-v2#primaryimage\",\"url\":\"https:\/\/ptrubik.azdigi.shop\/wp-content\/uploads\/2026\/04\/gan460v2UV.webp\",\"contentUrl\":\"https:\/\/ptrubik.azdigi.shop\/wp-content\/uploads\/2026\/04\/gan460v2UV.webp\",\"width\":800,\"height\":533},{\"@type\":\"BreadcrumbList\",\"@id\":\"https:\/\/ptrubik.azdigi.shop\/?product=gan460-m-v2#breadcrumb\",\"itemListElement\":[{\"@type\":\"ListItem\",\"position\":1,\"name\":\"Trang ch\u1ee7\",\"item\":\"https:\/\/ptrubik.azdigi.shop\/\"},{\"@type\":\"ListItem\",\"position\":2,\"name\":\"C\u1eeda h\u00e0ng\",\"item\":\"https:\/\/ptrubik.azdigi.shop\/?page_id=161\"},{\"@type\":\"ListItem\",\"position\":3,\"name\":\"GAN460 M V2\"}]},{\"@type\":\"WebSite\",\"@id\":\"https:\/\/ptrubik.azdigi.shop\/#website\",\"url\":\"https:\/\/ptrubik.azdigi.shop\/\",\"name\":\"Rubik\",\"description\":\"\",\"potentialAction\":[{\"@type\":\"SearchAction\",\"target\":{\"@type\":\"EntryPoint\",\"urlTemplate\":\"https:\/\/ptrubik.azdigi.shop\/?s={search_term_string}\"},\"query-input\":{\"@type\":\"PropertyValueSpecification\",\"valueRequired\":true,\"valueName\":\"search_term_string\"}}],\"inLanguage\":\"vi\"}]}<\/script>\n<!-- \/ Yoast SEO plugin. -->","yoast_head_json":{"title":"GAN460 M V2 - Rubik","description":"GAN460 M V2 l\u00e0 m\u1ed9t kh\u1ed1i rubik 4x4 hi\u1ec7u su\u1ea5t cao \u0111\u01b0\u1ee3c thi\u1ebft k\u1ebf cho t\u1ed1c \u0111\u1ed9 v\u00e0 kh\u1ea3 n\u0103ng ki\u1ec3m so\u00e1t. N\u00f3 s\u1edf h\u1eefu c\u01a1 ch\u1ebf r\u00e3nh k\u00e9p gi\u00fap t\u0103ng c\u01b0\u1eddng \u0111\u1ed9 \u1ed5n \u0111\u1ecbnh","robots":{"index":"index","follow":"follow","max-snippet":"max-snippet:-1","max-image-preview":"max-image-preview:large","max-video-preview":"max-video-preview:-1"},"canonical":"https:\/\/ptrubik.azdigi.shop\/?product=gan460-m-v2","og_locale":"vi_VN","og_type":"article","og_title":"GAN460 M V2 - Rubik","og_description":"GAN460 M V2 l\u00e0 m\u1ed9t kh\u1ed1i rubik 4x4 hi\u1ec7u su\u1ea5t cao \u0111\u01b0\u1ee3c thi\u1ebft k\u1ebf cho t\u1ed1c \u0111\u1ed9 v\u00e0 kh\u1ea3 n\u0103ng ki\u1ec3m so\u00e1t. N\u00f3 s\u1edf h\u1eefu c\u01a1 ch\u1ebf r\u00e3nh k\u00e9p gi\u00fap t\u0103ng c\u01b0\u1eddng \u0111\u1ed9 \u1ed5n \u0111\u1ecbnh","og_url":"https:\/\/ptrubik.azdigi.shop\/?product=gan460-m-v2","og_site_name":"Rubik","article_modified_time":"2026-04-19T03:53:55+00:00","og_image":[{"width":800,"height":533,"url":"https:\/\/ptrubik.azdigi.shop\/wp-content\/uploads\/2026\/04\/gan460v2UV.webp","type":"image\/webp"}],"twitter_card":"summary_large_image","twitter_misc":{"\u01af\u1edbc t\u00ednh th\u1eddi gian \u0111\u1ecdc":"2 ph\u00fat"},"schema":{"@context":"https:\/\/schema.org","@graph":[{"@type":"WebPage","@id":"https:\/\/ptrubik.azdigi.shop\/?product=gan460-m-v2","url":"https:\/\/ptrubik.azdigi.shop\/?product=gan460-m-v2","name":"GAN460 M V2 - Rubik","isPartOf":{"@id":"https:\/\/ptrubik.azdigi.shop\/#website"},"primaryImageOfPage":{"@id":"https:\/\/ptrubik.azdigi.shop\/?product=gan460-m-v2#primaryimage"},"image":{"@id":"https:\/\/ptrubik.azdigi.shop\/?product=gan460-m-v2#primaryimage"},"thumbnailUrl":"https:\/\/ptrubik.azdigi.shop\/wp-content\/uploads\/2026\/04\/gan460v2UV.webp","datePublished":"2026-04-17T13:03:40+00:00","dateModified":"2026-04-19T03:53:55+00:00","description":"GAN460 M V2 l\u00e0 m\u1ed9t kh\u1ed1i rubik 4x4 hi\u1ec7u su\u1ea5t cao \u0111\u01b0\u1ee3c thi\u1ebft k\u1ebf cho t\u1ed1c \u0111\u1ed9 v\u00e0 kh\u1ea3 n\u0103ng ki\u1ec3m so\u00e1t. N\u00f3 s\u1edf h\u1eefu c\u01a1 ch\u1ebf r\u00e3nh k\u00e9p gi\u00fap t\u0103ng c\u01b0\u1eddng \u0111\u1ed9 \u1ed5n \u0111\u1ecbnh","breadcrumb":{"@id":"https:\/\/ptrubik.azdigi.shop\/?product=gan460-m-v2#breadcrumb"},"inLanguage":"vi","potentialAction":[{"@type":"ReadAction","target":["https:\/\/ptrubik.azdigi.shop\/?product=gan460-m-v2"]}]},{"@type":"ImageObject","inLanguage":"vi","@id":"https:\/\/ptrubik.azdigi.shop\/?product=gan460-m-v2#primaryimage","url":"https:\/\/ptrubik.azdigi.shop\/wp-content\/uploads\/2026\/04\/gan460v2UV.webp","contentUrl":"https:\/\/ptrubik.azdigi.shop\/wp-content\/uploads\/2026\/04\/gan460v2UV.webp","width":800,"height":533},{"@type":"BreadcrumbList","@id":"https:\/\/ptrubik.azdigi.shop\/?product=gan460-m-v2#breadcrumb","itemListElement":[{"@type":"ListItem","position":1,"name":"Trang ch\u1ee7","item":"https:\/\/ptrubik.azdigi.shop\/"},{"@type":"ListItem","position":2,"name":"C\u1eeda h\u00e0ng","item":"https:\/\/ptrubik.azdigi.shop\/?page_id=161"},{"@type":"ListItem","position":3,"name":"GAN460 M V2"}]},{"@type":"WebSite","@id":"https:\/\/ptrubik.azdigi.shop\/#website","url":"https:\/\/ptrubik.azdigi.shop\/","name":"Rubik","description":"","potentialAction":[{"@type":"SearchAction","target":{"@type":"EntryPoint","urlTemplate":"https:\/\/ptrubik.azdigi.shop\/?s={search_term_string}"},"query-input":{"@type":"PropertyValueSpecification","valueRequired":true,"valueName":"search_term_string"}}],"inLanguage":"vi"}]}},"_links":{"self":[{"href":"https:\/\/ptrubik.azdigi.shop\/index.php?rest_route=\/wp\/v2\/product\/233","targetHints":{"allow":["GET"]}}],"collection":[{"href":"https:\/\/ptrubik.azdigi.shop\/index.php?rest_route=\/wp\/v2\/product"}],"about":[{"href":"https:\/\/ptrubik.azdigi.shop\/index.php?rest_route=\/wp\/v2\/types\/product"}],"replies":[{"embeddable":true,"href":"https:\/\/ptrubik.azdigi.shop\/index.php?rest_route=%2Fwp%2Fv2%2Fcomments&post=233"}],"wp:featuredmedia":[{"embeddable":true,"href":"https:\/\/ptrubik.azdigi.shop\/index.php?rest_route=\/wp\/v2\/media\/234"}],"wp:attachment":[{"href":"https:\/\/ptrubik.azdigi.shop\/index.php?rest_route=%2Fwp%2Fv2%2Fmedia&parent=233"}],"wp:term":[{"taxonomy":"product_brand","embeddable":true,"href":"https:\/\/ptrubik.azdigi.shop\/index.php?rest_route=%2Fwp%2Fv2%2Fproduct_brand&post=233"},{"taxonomy":"product_cat","embeddable":true,"href":"https:\/\/ptrubik.azdigi.shop\/index.php?rest_route=%2Fwp%2Fv2%2Fproduct_cat&post=233"},{"taxonomy":"product_tag","embeddable":true,"href":"https:\/\/ptrubik.azdigi.shop\/index.php?rest_route=%2Fwp%2Fv2%2Fproduct_tag&post=233"}],"curies":[{"name":"wp","href":"https:\/\/api.w.org\/{rel}","templated":true}]}}