{"id":239,"date":"2026-04-17T13:17:23","date_gmt":"2026-04-17T13:17:23","guid":{"rendered":"https:\/\/ptrubik.azdigi.shop\/?post_type=product&#038;p=239"},"modified":"2026-04-19T03:47:46","modified_gmt":"2026-04-19T03:47:46","slug":"qiyi-m-pro-4x4-v2","status":"publish","type":"product","link":"https:\/\/ptrubik.azdigi.shop\/?product=qiyi-m-pro-4x4-v2","title":{"rendered":"Qiyi M Pro 4&#215;4 V2"},"content":{"rendered":"<div>Kh\u1ed1i rubik QiYi M Pro 4&#215;4 V2 (L\u00f5i bi + UV) thi\u1ebft l\u1eadp m\u1ed9t ti\u00eau chu\u1ea9n m\u1edbi v\u1ec1 hi\u1ec7u su\u1ea5t v\u00e0 gi\u00e1 tr\u1ecb trong d\u00f2ng rubik t\u1ed1c \u0111\u1ed9 4&#215;4. L\u00e0 m\u1ed9t ph\u1ea7n c\u1ee7a d\u00f2ng M Pro n\u1ed5i ti\u1ebfng c\u1ee7a QiYi. Kh\u1ed1i rubik n\u00e0y \u0111\u01b0\u1ee3c thi\u1ebft k\u1ebf t\u1eeb trong ra ngo\u00e0i d\u00e0nh cho nh\u1eefng ng\u01b0\u1eddi ch\u01a1i rubik t\u1ed1c \u0111\u1ed9 m\u00e0 gi\u00e1 c\u1ea3 ph\u1ea3i ch\u0103ng.<\/div>\n<div><\/div>\n<h3>L\u00f5i bi t\u1eeb t\u00ednh chuy\u00ean nghi\u1ec7p<\/h3>\n<div>Tr\u1ea3i nghi\u1ec7m kh\u1ea3 n\u0103ng xoay m\u01b0\u1ee3t m\u00e0. T\u1ef1 tin v\u00e0 ph\u1ea3n h\u1ed3i t\u1eeb t\u00ednh s\u1eafc n\u00e9t h\u01a1n v\u1edbi h\u1ec7 th\u1ed1ng \u0111\u1ecbnh v\u1ecb t\u1eeb t\u00ednh k\u00e9p c\u00e2n b\u1eb1ng gi\u1eefa \u0111\u1ed9 m\u01b0\u1ee3t m\u00e0 v\u00e0 \u0111\u1ed9 \u1ed5n \u0111\u1ecbnh.<\/div>\n<h3>\u0110i\u1ec1u ch\u1ec9nh \u0111\u1ed9 c\u0103ng c\u1ed5 \u0111i\u1ec3n<\/h3>\n<div>D\u1ec5 d\u00e0ng t\u00f9y ch\u1ec9nh \u0111\u1ed9 c\u0103ng tr\u00ean c\u1ea3 s\u00e1u m\u1eb7t \u0111\u1ec3 ki\u1ec3m so\u00e1t v\u00e0 linh ho\u1ea1t t\u1ed1i \u0111a. Ho\u00e0n to\u00e0n ph\u00f9 h\u1ee3p v\u1edbi nhu c\u1ea7u c\u1ee7a phi\u00ean ch\u01a1i.<\/div>\n<h3>L\u1edbp ph\u1ee7 UV tuy\u1ec7t \u0111\u1eb9p<\/h3>\n<p>L\u1edbp ph\u1ee7 UV b\u1ec1n, b\u00f3ng cao kh\u00f4ng ch\u1ec9 tr\u00f4ng r\u1ef1c r\u1ee1. Ch\u1ecbu \u0111\u01b0\u1ee3c c\u01b0\u1eddng \u0111\u1ed9 s\u1eed d\u1ee5ng cao \u0111\u1ec3 \u0111\u1ea3m b\u1ea3o hi\u1ec7u su\u1ea5t l\u00e2u d\u00e0i.<\/p>\n<h3>M\u00e0u s\u1eafc r\u1ef1c r\u1ee1:<\/h3>\n<p>T\u1ed1i \u0111a h\u00f3a kh\u1ea3 n\u0103ng quan s\u00e1t ph\u00eda tr\u01b0\u1edbc v\u1edbi c\u00e1c s\u1eafc th\u00e1i s\u1ed1ng \u0111\u1ed9ng, \u0111\u1ed9 t\u01b0\u01a1ng ph\u1ea3n cao, n\u1ed5i b\u1eadt trong m\u1ecdi m\u00f4i tr\u01b0\u1eddng. N\u1ebfu b\u1ea1n \u0111ang t\u00ecm ki\u1ebfm Rubik t\u1ed1c \u0111\u1ed9 v\u1edbi c\u00e1c t\u00ednh n\u0103ng cao c\u1ea5p \u1edf m\u1ee9c gi\u00e1 d\u1ec5 ti\u1ebfp c\u1eadn. QiYi M Pro 4&#215;4 V2 (L\u00f5i bi + UV) s\u1eb5n s\u00e0ng tr\u1edf th\u00e0nh ng\u01b0\u1eddi b\u1ea1n \u0111\u1ed3ng h\u00e0nh ch\u00ednh c\u1ee7a b\u1ea1n.<\/p>\n","protected":false},"excerpt":{"rendered":"<p>Kh\u1ed1i rubik QiYi M Pro 4&#215;4 V2 (L\u00f5i bi + UV) thi\u1ebft l\u1eadp m\u1ed9t ti\u00eau chu\u1ea9n m\u1edbi v\u1ec1 hi\u1ec7u su\u1ea5t v\u00e0 gi\u00e1 tr\u1ecb trong d\u00f2ng rubik t\u1ed1c \u0111\u1ed9 4&#215;4. L\u00e0 m\u1ed9t ph\u1ea7n c\u1ee7a d\u00f2ng M Pro n\u1ed5i ti\u1ebfng c\u1ee7a QiYi. Kh\u1ed1i rubik n\u00e0y \u0111\u01b0\u1ee3c thi\u1ebft k\u1ebf t\u1eeb trong ra ngo\u00e0i d\u00e0nh cho nh\u1eefng ng\u01b0\u1eddi ch\u01a1i [&#8230;]\n","protected":false},"featured_media":240,"comment_status":"open","ping_status":"closed","template":"","meta":[],"product_brand":[30],"product_cat":[26,38],"product_tag":[],"class_list":{"0":"post-239","1":"product","2":"type-product","3":"status-publish","4":"has-post-thumbnail","6":"product_brand-qiyi","7":"product_cat-4x4","8":"product_cat-sale","10":"first","11":"instock","12":"sale","13":"shipping-taxable","14":"purchasable","15":"product-type-variable"},"yoast_head":"<!-- This site is optimized with the Yoast SEO plugin v26.9 - https:\/\/yoast.com\/product\/yoast-seo-wordpress\/ -->\n<title>Qiyi M Pro 4x4 V2 - Rubik<\/title>\n<meta name=\"description\" content=\"Kh\u1ed1i rubik QiYi M Pro 4x4 V2 ( Nam ch\u00e2m l\u00f5i + UV) thi\u1ebft l\u1eadp m\u1ed9t ti\u00eau chu\u1ea9n m\u1edbi v\u1ec1 hi\u1ec7u su\u1ea5t v\u00e0 gi\u00e1 tr\u1ecb trong d\u00f2ng rubik t\u1ed1c \u0111\u1ed9 4x4.\" \/>\n<meta name=\"robots\" content=\"index, follow, max-snippet:-1, max-image-preview:large, max-video-preview:-1\" \/>\n<link rel=\"canonical\" href=\"https:\/\/ptrubik.azdigi.shop\/?product=qiyi-m-pro-4x4-v2\" \/>\n<meta property=\"og:locale\" content=\"vi_VN\" \/>\n<meta property=\"og:type\" content=\"article\" \/>\n<meta property=\"og:title\" content=\"Qiyi M Pro 4x4 V2 - Rubik\" \/>\n<meta property=\"og:description\" content=\"Kh\u1ed1i rubik QiYi M Pro 4x4 V2 ( Nam ch\u00e2m l\u00f5i + UV) thi\u1ebft l\u1eadp m\u1ed9t ti\u00eau chu\u1ea9n m\u1edbi v\u1ec1 hi\u1ec7u su\u1ea5t v\u00e0 gi\u00e1 tr\u1ecb trong d\u00f2ng rubik t\u1ed1c \u0111\u1ed9 4x4.\" \/>\n<meta property=\"og:url\" content=\"https:\/\/ptrubik.azdigi.shop\/?product=qiyi-m-pro-4x4-v2\" \/>\n<meta property=\"og:site_name\" content=\"Rubik\" \/>\n<meta property=\"article:modified_time\" content=\"2026-04-19T03:47:46+00:00\" \/>\n<meta property=\"og:image\" content=\"https:\/\/ptrubik.azdigi.shop\/wp-content\/uploads\/2026\/04\/QiYi_20M_20Pro_204x4_20BC_20UV.webp\" \/>\n\t<meta property=\"og:image:width\" content=\"800\" \/>\n\t<meta property=\"og:image:height\" content=\"600\" \/>\n\t<meta property=\"og:image:type\" content=\"image\/webp\" \/>\n<meta name=\"twitter:card\" content=\"summary_large_image\" \/>\n<meta name=\"twitter:label1\" content=\"\u01af\u1edbc t\u00ednh th\u1eddi gian \u0111\u1ecdc\" \/>\n\t<meta name=\"twitter:data1\" content=\"2 ph\u00fat\" \/>\n<script type=\"application\/ld+json\" class=\"yoast-schema-graph\">{\"@context\":\"https:\/\/schema.org\",\"@graph\":[{\"@type\":\"WebPage\",\"@id\":\"https:\/\/ptrubik.azdigi.shop\/?product=qiyi-m-pro-4x4-v2\",\"url\":\"https:\/\/ptrubik.azdigi.shop\/?product=qiyi-m-pro-4x4-v2\",\"name\":\"Qiyi M Pro 4x4 V2 - Rubik\",\"isPartOf\":{\"@id\":\"https:\/\/ptrubik.azdigi.shop\/#website\"},\"primaryImageOfPage\":{\"@id\":\"https:\/\/ptrubik.azdigi.shop\/?product=qiyi-m-pro-4x4-v2#primaryimage\"},\"image\":{\"@id\":\"https:\/\/ptrubik.azdigi.shop\/?product=qiyi-m-pro-4x4-v2#primaryimage\"},\"thumbnailUrl\":\"https:\/\/ptrubik.azdigi.shop\/wp-content\/uploads\/2026\/04\/QiYi_20M_20Pro_204x4_20BC_20UV.webp\",\"datePublished\":\"2026-04-17T13:17:23+00:00\",\"dateModified\":\"2026-04-19T03:47:46+00:00\",\"description\":\"Kh\u1ed1i rubik QiYi M Pro 4x4 V2 ( Nam ch\u00e2m l\u00f5i + UV) thi\u1ebft l\u1eadp m\u1ed9t ti\u00eau chu\u1ea9n m\u1edbi v\u1ec1 hi\u1ec7u su\u1ea5t v\u00e0 gi\u00e1 tr\u1ecb trong d\u00f2ng rubik t\u1ed1c \u0111\u1ed9 4x4.\",\"breadcrumb\":{\"@id\":\"https:\/\/ptrubik.azdigi.shop\/?product=qiyi-m-pro-4x4-v2#breadcrumb\"},\"inLanguage\":\"vi\",\"potentialAction\":[{\"@type\":\"ReadAction\",\"target\":[\"https:\/\/ptrubik.azdigi.shop\/?product=qiyi-m-pro-4x4-v2\"]}]},{\"@type\":\"ImageObject\",\"inLanguage\":\"vi\",\"@id\":\"https:\/\/ptrubik.azdigi.shop\/?product=qiyi-m-pro-4x4-v2#primaryimage\",\"url\":\"https:\/\/ptrubik.azdigi.shop\/wp-content\/uploads\/2026\/04\/QiYi_20M_20Pro_204x4_20BC_20UV.webp\",\"contentUrl\":\"https:\/\/ptrubik.azdigi.shop\/wp-content\/uploads\/2026\/04\/QiYi_20M_20Pro_204x4_20BC_20UV.webp\",\"width\":800,\"height\":600},{\"@type\":\"BreadcrumbList\",\"@id\":\"https:\/\/ptrubik.azdigi.shop\/?product=qiyi-m-pro-4x4-v2#breadcrumb\",\"itemListElement\":[{\"@type\":\"ListItem\",\"position\":1,\"name\":\"Trang ch\u1ee7\",\"item\":\"https:\/\/ptrubik.azdigi.shop\/\"},{\"@type\":\"ListItem\",\"position\":2,\"name\":\"C\u1eeda h\u00e0ng\",\"item\":\"https:\/\/ptrubik.azdigi.shop\/?page_id=161\"},{\"@type\":\"ListItem\",\"position\":3,\"name\":\"Qiyi M Pro 4&#215;4 V2\"}]},{\"@type\":\"WebSite\",\"@id\":\"https:\/\/ptrubik.azdigi.shop\/#website\",\"url\":\"https:\/\/ptrubik.azdigi.shop\/\",\"name\":\"Rubik\",\"description\":\"\",\"potentialAction\":[{\"@type\":\"SearchAction\",\"target\":{\"@type\":\"EntryPoint\",\"urlTemplate\":\"https:\/\/ptrubik.azdigi.shop\/?s={search_term_string}\"},\"query-input\":{\"@type\":\"PropertyValueSpecification\",\"valueRequired\":true,\"valueName\":\"search_term_string\"}}],\"inLanguage\":\"vi\"}]}<\/script>\n<!-- \/ Yoast SEO plugin. -->","yoast_head_json":{"title":"Qiyi M Pro 4x4 V2 - Rubik","description":"Kh\u1ed1i rubik QiYi M Pro 4x4 V2 ( Nam ch\u00e2m l\u00f5i + UV) thi\u1ebft l\u1eadp m\u1ed9t ti\u00eau chu\u1ea9n m\u1edbi v\u1ec1 hi\u1ec7u su\u1ea5t v\u00e0 gi\u00e1 tr\u1ecb trong d\u00f2ng rubik t\u1ed1c \u0111\u1ed9 4x4.","robots":{"index":"index","follow":"follow","max-snippet":"max-snippet:-1","max-image-preview":"max-image-preview:large","max-video-preview":"max-video-preview:-1"},"canonical":"https:\/\/ptrubik.azdigi.shop\/?product=qiyi-m-pro-4x4-v2","og_locale":"vi_VN","og_type":"article","og_title":"Qiyi M Pro 4x4 V2 - Rubik","og_description":"Kh\u1ed1i rubik QiYi M Pro 4x4 V2 ( Nam ch\u00e2m l\u00f5i + UV) thi\u1ebft l\u1eadp m\u1ed9t ti\u00eau chu\u1ea9n m\u1edbi v\u1ec1 hi\u1ec7u su\u1ea5t v\u00e0 gi\u00e1 tr\u1ecb trong d\u00f2ng rubik t\u1ed1c \u0111\u1ed9 4x4.","og_url":"https:\/\/ptrubik.azdigi.shop\/?product=qiyi-m-pro-4x4-v2","og_site_name":"Rubik","article_modified_time":"2026-04-19T03:47:46+00:00","og_image":[{"width":800,"height":600,"url":"https:\/\/ptrubik.azdigi.shop\/wp-content\/uploads\/2026\/04\/QiYi_20M_20Pro_204x4_20BC_20UV.webp","type":"image\/webp"}],"twitter_card":"summary_large_image","twitter_misc":{"\u01af\u1edbc t\u00ednh th\u1eddi gian \u0111\u1ecdc":"2 ph\u00fat"},"schema":{"@context":"https:\/\/schema.org","@graph":[{"@type":"WebPage","@id":"https:\/\/ptrubik.azdigi.shop\/?product=qiyi-m-pro-4x4-v2","url":"https:\/\/ptrubik.azdigi.shop\/?product=qiyi-m-pro-4x4-v2","name":"Qiyi M Pro 4x4 V2 - Rubik","isPartOf":{"@id":"https:\/\/ptrubik.azdigi.shop\/#website"},"primaryImageOfPage":{"@id":"https:\/\/ptrubik.azdigi.shop\/?product=qiyi-m-pro-4x4-v2#primaryimage"},"image":{"@id":"https:\/\/ptrubik.azdigi.shop\/?product=qiyi-m-pro-4x4-v2#primaryimage"},"thumbnailUrl":"https:\/\/ptrubik.azdigi.shop\/wp-content\/uploads\/2026\/04\/QiYi_20M_20Pro_204x4_20BC_20UV.webp","datePublished":"2026-04-17T13:17:23+00:00","dateModified":"2026-04-19T03:47:46+00:00","description":"Kh\u1ed1i rubik QiYi M Pro 4x4 V2 ( Nam ch\u00e2m l\u00f5i + UV) thi\u1ebft l\u1eadp m\u1ed9t ti\u00eau chu\u1ea9n m\u1edbi v\u1ec1 hi\u1ec7u su\u1ea5t v\u00e0 gi\u00e1 tr\u1ecb trong d\u00f2ng rubik t\u1ed1c \u0111\u1ed9 4x4.","breadcrumb":{"@id":"https:\/\/ptrubik.azdigi.shop\/?product=qiyi-m-pro-4x4-v2#breadcrumb"},"inLanguage":"vi","potentialAction":[{"@type":"ReadAction","target":["https:\/\/ptrubik.azdigi.shop\/?product=qiyi-m-pro-4x4-v2"]}]},{"@type":"ImageObject","inLanguage":"vi","@id":"https:\/\/ptrubik.azdigi.shop\/?product=qiyi-m-pro-4x4-v2#primaryimage","url":"https:\/\/ptrubik.azdigi.shop\/wp-content\/uploads\/2026\/04\/QiYi_20M_20Pro_204x4_20BC_20UV.webp","contentUrl":"https:\/\/ptrubik.azdigi.shop\/wp-content\/uploads\/2026\/04\/QiYi_20M_20Pro_204x4_20BC_20UV.webp","width":800,"height":600},{"@type":"BreadcrumbList","@id":"https:\/\/ptrubik.azdigi.shop\/?product=qiyi-m-pro-4x4-v2#breadcrumb","itemListElement":[{"@type":"ListItem","position":1,"name":"Trang ch\u1ee7","item":"https:\/\/ptrubik.azdigi.shop\/"},{"@type":"ListItem","position":2,"name":"C\u1eeda h\u00e0ng","item":"https:\/\/ptrubik.azdigi.shop\/?page_id=161"},{"@type":"ListItem","position":3,"name":"Qiyi M Pro 4&#215;4 V2"}]},{"@type":"WebSite","@id":"https:\/\/ptrubik.azdigi.shop\/#website","url":"https:\/\/ptrubik.azdigi.shop\/","name":"Rubik","description":"","potentialAction":[{"@type":"SearchAction","target":{"@type":"EntryPoint","urlTemplate":"https:\/\/ptrubik.azdigi.shop\/?s={search_term_string}"},"query-input":{"@type":"PropertyValueSpecification","valueRequired":true,"valueName":"search_term_string"}}],"inLanguage":"vi"}]}},"_links":{"self":[{"href":"https:\/\/ptrubik.azdigi.shop\/index.php?rest_route=\/wp\/v2\/product\/239","targetHints":{"allow":["GET"]}}],"collection":[{"href":"https:\/\/ptrubik.azdigi.shop\/index.php?rest_route=\/wp\/v2\/product"}],"about":[{"href":"https:\/\/ptrubik.azdigi.shop\/index.php?rest_route=\/wp\/v2\/types\/product"}],"replies":[{"embeddable":true,"href":"https:\/\/ptrubik.azdigi.shop\/index.php?rest_route=%2Fwp%2Fv2%2Fcomments&post=239"}],"wp:featuredmedia":[{"embeddable":true,"href":"https:\/\/ptrubik.azdigi.shop\/index.php?rest_route=\/wp\/v2\/media\/240"}],"wp:attachment":[{"href":"https:\/\/ptrubik.azdigi.shop\/index.php?rest_route=%2Fwp%2Fv2%2Fmedia&parent=239"}],"wp:term":[{"taxonomy":"product_brand","embeddable":true,"href":"https:\/\/ptrubik.azdigi.shop\/index.php?rest_route=%2Fwp%2Fv2%2Fproduct_brand&post=239"},{"taxonomy":"product_cat","embeddable":true,"href":"https:\/\/ptrubik.azdigi.shop\/index.php?rest_route=%2Fwp%2Fv2%2Fproduct_cat&post=239"},{"taxonomy":"product_tag","embeddable":true,"href":"https:\/\/ptrubik.azdigi.shop\/index.php?rest_route=%2Fwp%2Fv2%2Fproduct_tag&post=239"}],"curies":[{"name":"wp","href":"https:\/\/api.w.org\/{rel}","templated":true}]}}