{"id":275,"date":"2026-04-18T11:01:31","date_gmt":"2026-04-18T11:01:31","guid":{"rendered":"https:\/\/ptrubik.azdigi.shop\/?post_type=product&#038;p=275"},"modified":"2026-04-19T08:28:55","modified_gmt":"2026-04-19T08:28:55","slug":"https-ptrubik-azdigi-shop-gan251-m-pro","status":"publish","type":"product","link":"https:\/\/ptrubik.azdigi.shop\/?product=https-ptrubik-azdigi-shop-gan251-m-pro","title":{"rendered":"GAN 251 M Pro"},"content":{"rendered":"<h3>GAN 251 M Pro<\/h3>\n<p>L\u00e0 phi\u00ean b\u1ea3n n\u00e2ng c\u1ea5p c\u1ee7a c\u01a1 ch\u1ebf 2&#215;2, s\u1eed d\u1ee5ng nam ch\u00e2m g\u00f3c\/l\u00f5i v\u00e0 nam ch\u00e2m truy\u1ec1n th\u1ed1ng gi\u1ed1ng nh\u01b0 GAN 11 M Pro. C\u0169ng gi\u1ed1ng nh\u01b0 c\u00e1c s\u1ea3n ph\u1ea9m kh\u00e1c trong d\u00f2ng n\u00e0y, kh\u1ed1i rubik n\u00e0y c\u00f3 k\u00edch th\u01b0\u1edbc 51mm. K\u00edch th\u01b0\u1edbc m\u00e0 nhi\u1ec1u ng\u01b0\u1eddi ch\u01a1i rubik \u01b0a th\u00edch h\u01a1n so v\u1edbi k\u00edch th\u01b0\u1edbc ti\u00eau chu\u1ea9n 50mm.<\/p>\n<p>Xem th\u00eam c\u00e1c s\u1ea3n ph\u1ea9m 2&#215;2 <a href=\"https:\/\/ptrubik.azdigi.shop\/?product_cat=2x2\">t\u1ea1i \u0111\u00e2y<\/a><\/p>\n","protected":false},"excerpt":{"rendered":"<p>GAN 251 M Pro L\u00e0 phi\u00ean b\u1ea3n n\u00e2ng c\u1ea5p c\u1ee7a c\u01a1 ch\u1ebf 2&#215;2, s\u1eed d\u1ee5ng nam ch\u00e2m g\u00f3c\/l\u00f5i v\u00e0 nam ch\u00e2m truy\u1ec1n th\u1ed1ng gi\u1ed1ng nh\u01b0 GAN 11 M Pro. C\u0169ng gi\u1ed1ng nh\u01b0 c\u00e1c s\u1ea3n ph\u1ea9m kh\u00e1c trong d\u00f2ng n\u00e0y, kh\u1ed1i rubik n\u00e0y c\u00f3 k\u00edch th\u01b0\u1edbc 51mm. K\u00edch th\u01b0\u1edbc m\u00e0 nhi\u1ec1u ng\u01b0\u1eddi ch\u01a1i rubik \u01b0a th\u00edch [&#8230;]\n","protected":false},"featured_media":276,"comment_status":"open","ping_status":"closed","template":"","meta":[],"product_brand":[29],"product_cat":[34],"product_tag":[],"class_list":{"0":"post-275","1":"product","2":"type-product","3":"status-publish","4":"has-post-thumbnail","6":"product_brand-gan","7":"product_cat-2x2","9":"first","10":"instock","11":"shipping-taxable","12":"purchasable","13":"product-type-variable"},"yoast_head":"<!-- This site is optimized with the Yoast SEO plugin v26.9 - https:\/\/yoast.com\/product\/yoast-seo-wordpress\/ -->\n<title>GAN 251 M Pro - Rubik<\/title>\n<meta name=\"description\" content=\"L\u00e0 phi\u00ean b\u1ea3n n\u00e2ng c\u1ea5p c\u1ee7a c\u01a1 ch\u1ebf 2x2, s\u1eed d\u1ee5ng nam ch\u00e2m g\u00f3c\/l\u00f5i v\u00e0 nam ch\u00e2m truy\u1ec1n th\u1ed1ng gi\u1ed1ng nh\u01b0 GAN 11 M Pro v\u1edbi k\u00edch th\u01b0\u1edbc 51mm.\" \/>\n<meta name=\"robots\" content=\"index, follow, max-snippet:-1, max-image-preview:large, max-video-preview:-1\" \/>\n<link rel=\"canonical\" href=\"https:\/\/ptrubik.azdigi.shop\/?product=https-ptrubik-azdigi-shop-gan251-m-pro\" \/>\n<meta property=\"og:locale\" content=\"vi_VN\" \/>\n<meta property=\"og:type\" content=\"article\" \/>\n<meta property=\"og:title\" content=\"GAN 251 M Pro - Rubik\" \/>\n<meta property=\"og:description\" content=\"L\u00e0 phi\u00ean b\u1ea3n n\u00e2ng c\u1ea5p c\u1ee7a c\u01a1 ch\u1ebf 2x2, s\u1eed d\u1ee5ng nam ch\u00e2m g\u00f3c\/l\u00f5i v\u00e0 nam ch\u00e2m truy\u1ec1n th\u1ed1ng gi\u1ed1ng nh\u01b0 GAN 11 M Pro v\u1edbi k\u00edch th\u01b0\u1edbc 51mm.\" \/>\n<meta property=\"og:url\" content=\"https:\/\/ptrubik.azdigi.shop\/?product=https-ptrubik-azdigi-shop-gan251-m-pro\" \/>\n<meta property=\"og:site_name\" content=\"Rubik\" \/>\n<meta property=\"article:modified_time\" content=\"2026-04-19T08:28:55+00:00\" \/>\n<meta property=\"og:image\" content=\"https:\/\/ptrubik.azdigi.shop\/wp-content\/uploads\/2026\/04\/gan251mpro.webp\" \/>\n\t<meta property=\"og:image:width\" content=\"800\" \/>\n\t<meta property=\"og:image:height\" content=\"533\" \/>\n\t<meta property=\"og:image:type\" content=\"image\/webp\" \/>\n<meta name=\"twitter:card\" content=\"summary_large_image\" \/>\n<meta name=\"twitter:label1\" content=\"\u01af\u1edbc t\u00ednh th\u1eddi gian \u0111\u1ecdc\" \/>\n\t<meta name=\"twitter:data1\" content=\"1 ph\u00fat\" \/>\n<script type=\"application\/ld+json\" class=\"yoast-schema-graph\">{\"@context\":\"https:\/\/schema.org\",\"@graph\":[{\"@type\":\"WebPage\",\"@id\":\"https:\/\/ptrubik.azdigi.shop\/?product=https-ptrubik-azdigi-shop-gan251-m-pro\",\"url\":\"https:\/\/ptrubik.azdigi.shop\/?product=https-ptrubik-azdigi-shop-gan251-m-pro\",\"name\":\"GAN 251 M Pro - Rubik\",\"isPartOf\":{\"@id\":\"https:\/\/ptrubik.azdigi.shop\/#website\"},\"primaryImageOfPage\":{\"@id\":\"https:\/\/ptrubik.azdigi.shop\/?product=https-ptrubik-azdigi-shop-gan251-m-pro#primaryimage\"},\"image\":{\"@id\":\"https:\/\/ptrubik.azdigi.shop\/?product=https-ptrubik-azdigi-shop-gan251-m-pro#primaryimage\"},\"thumbnailUrl\":\"https:\/\/ptrubik.azdigi.shop\/wp-content\/uploads\/2026\/04\/gan251mpro.webp\",\"datePublished\":\"2026-04-18T11:01:31+00:00\",\"dateModified\":\"2026-04-19T08:28:55+00:00\",\"description\":\"L\u00e0 phi\u00ean b\u1ea3n n\u00e2ng c\u1ea5p c\u1ee7a c\u01a1 ch\u1ebf 2x2, s\u1eed d\u1ee5ng nam ch\u00e2m g\u00f3c\/l\u00f5i v\u00e0 nam ch\u00e2m truy\u1ec1n th\u1ed1ng gi\u1ed1ng nh\u01b0 GAN 11 M Pro v\u1edbi k\u00edch th\u01b0\u1edbc 51mm.\",\"breadcrumb\":{\"@id\":\"https:\/\/ptrubik.azdigi.shop\/?product=https-ptrubik-azdigi-shop-gan251-m-pro#breadcrumb\"},\"inLanguage\":\"vi\",\"potentialAction\":[{\"@type\":\"ReadAction\",\"target\":[\"https:\/\/ptrubik.azdigi.shop\/?product=https-ptrubik-azdigi-shop-gan251-m-pro\"]}]},{\"@type\":\"ImageObject\",\"inLanguage\":\"vi\",\"@id\":\"https:\/\/ptrubik.azdigi.shop\/?product=https-ptrubik-azdigi-shop-gan251-m-pro#primaryimage\",\"url\":\"https:\/\/ptrubik.azdigi.shop\/wp-content\/uploads\/2026\/04\/gan251mpro.webp\",\"contentUrl\":\"https:\/\/ptrubik.azdigi.shop\/wp-content\/uploads\/2026\/04\/gan251mpro.webp\",\"width\":800,\"height\":533},{\"@type\":\"BreadcrumbList\",\"@id\":\"https:\/\/ptrubik.azdigi.shop\/?product=https-ptrubik-azdigi-shop-gan251-m-pro#breadcrumb\",\"itemListElement\":[{\"@type\":\"ListItem\",\"position\":1,\"name\":\"Trang ch\u1ee7\",\"item\":\"https:\/\/ptrubik.azdigi.shop\/\"},{\"@type\":\"ListItem\",\"position\":2,\"name\":\"C\u1eeda h\u00e0ng\",\"item\":\"https:\/\/ptrubik.azdigi.shop\/?page_id=161\"},{\"@type\":\"ListItem\",\"position\":3,\"name\":\"GAN 251 M Pro\"}]},{\"@type\":\"WebSite\",\"@id\":\"https:\/\/ptrubik.azdigi.shop\/#website\",\"url\":\"https:\/\/ptrubik.azdigi.shop\/\",\"name\":\"Rubik\",\"description\":\"\",\"potentialAction\":[{\"@type\":\"SearchAction\",\"target\":{\"@type\":\"EntryPoint\",\"urlTemplate\":\"https:\/\/ptrubik.azdigi.shop\/?s={search_term_string}\"},\"query-input\":{\"@type\":\"PropertyValueSpecification\",\"valueRequired\":true,\"valueName\":\"search_term_string\"}}],\"inLanguage\":\"vi\"}]}<\/script>\n<!-- \/ Yoast SEO plugin. -->","yoast_head_json":{"title":"GAN 251 M Pro - Rubik","description":"L\u00e0 phi\u00ean b\u1ea3n n\u00e2ng c\u1ea5p c\u1ee7a c\u01a1 ch\u1ebf 2x2, s\u1eed d\u1ee5ng nam ch\u00e2m g\u00f3c\/l\u00f5i v\u00e0 nam ch\u00e2m truy\u1ec1n th\u1ed1ng gi\u1ed1ng nh\u01b0 GAN 11 M Pro v\u1edbi k\u00edch th\u01b0\u1edbc 51mm.","robots":{"index":"index","follow":"follow","max-snippet":"max-snippet:-1","max-image-preview":"max-image-preview:large","max-video-preview":"max-video-preview:-1"},"canonical":"https:\/\/ptrubik.azdigi.shop\/?product=https-ptrubik-azdigi-shop-gan251-m-pro","og_locale":"vi_VN","og_type":"article","og_title":"GAN 251 M Pro - Rubik","og_description":"L\u00e0 phi\u00ean b\u1ea3n n\u00e2ng c\u1ea5p c\u1ee7a c\u01a1 ch\u1ebf 2x2, s\u1eed d\u1ee5ng nam ch\u00e2m g\u00f3c\/l\u00f5i v\u00e0 nam ch\u00e2m truy\u1ec1n th\u1ed1ng gi\u1ed1ng nh\u01b0 GAN 11 M Pro v\u1edbi k\u00edch th\u01b0\u1edbc 51mm.","og_url":"https:\/\/ptrubik.azdigi.shop\/?product=https-ptrubik-azdigi-shop-gan251-m-pro","og_site_name":"Rubik","article_modified_time":"2026-04-19T08:28:55+00:00","og_image":[{"width":800,"height":533,"url":"https:\/\/ptrubik.azdigi.shop\/wp-content\/uploads\/2026\/04\/gan251mpro.webp","type":"image\/webp"}],"twitter_card":"summary_large_image","twitter_misc":{"\u01af\u1edbc t\u00ednh th\u1eddi gian \u0111\u1ecdc":"1 ph\u00fat"},"schema":{"@context":"https:\/\/schema.org","@graph":[{"@type":"WebPage","@id":"https:\/\/ptrubik.azdigi.shop\/?product=https-ptrubik-azdigi-shop-gan251-m-pro","url":"https:\/\/ptrubik.azdigi.shop\/?product=https-ptrubik-azdigi-shop-gan251-m-pro","name":"GAN 251 M Pro - Rubik","isPartOf":{"@id":"https:\/\/ptrubik.azdigi.shop\/#website"},"primaryImageOfPage":{"@id":"https:\/\/ptrubik.azdigi.shop\/?product=https-ptrubik-azdigi-shop-gan251-m-pro#primaryimage"},"image":{"@id":"https:\/\/ptrubik.azdigi.shop\/?product=https-ptrubik-azdigi-shop-gan251-m-pro#primaryimage"},"thumbnailUrl":"https:\/\/ptrubik.azdigi.shop\/wp-content\/uploads\/2026\/04\/gan251mpro.webp","datePublished":"2026-04-18T11:01:31+00:00","dateModified":"2026-04-19T08:28:55+00:00","description":"L\u00e0 phi\u00ean b\u1ea3n n\u00e2ng c\u1ea5p c\u1ee7a c\u01a1 ch\u1ebf 2x2, s\u1eed d\u1ee5ng nam ch\u00e2m g\u00f3c\/l\u00f5i v\u00e0 nam ch\u00e2m truy\u1ec1n th\u1ed1ng gi\u1ed1ng nh\u01b0 GAN 11 M Pro v\u1edbi k\u00edch th\u01b0\u1edbc 51mm.","breadcrumb":{"@id":"https:\/\/ptrubik.azdigi.shop\/?product=https-ptrubik-azdigi-shop-gan251-m-pro#breadcrumb"},"inLanguage":"vi","potentialAction":[{"@type":"ReadAction","target":["https:\/\/ptrubik.azdigi.shop\/?product=https-ptrubik-azdigi-shop-gan251-m-pro"]}]},{"@type":"ImageObject","inLanguage":"vi","@id":"https:\/\/ptrubik.azdigi.shop\/?product=https-ptrubik-azdigi-shop-gan251-m-pro#primaryimage","url":"https:\/\/ptrubik.azdigi.shop\/wp-content\/uploads\/2026\/04\/gan251mpro.webp","contentUrl":"https:\/\/ptrubik.azdigi.shop\/wp-content\/uploads\/2026\/04\/gan251mpro.webp","width":800,"height":533},{"@type":"BreadcrumbList","@id":"https:\/\/ptrubik.azdigi.shop\/?product=https-ptrubik-azdigi-shop-gan251-m-pro#breadcrumb","itemListElement":[{"@type":"ListItem","position":1,"name":"Trang ch\u1ee7","item":"https:\/\/ptrubik.azdigi.shop\/"},{"@type":"ListItem","position":2,"name":"C\u1eeda h\u00e0ng","item":"https:\/\/ptrubik.azdigi.shop\/?page_id=161"},{"@type":"ListItem","position":3,"name":"GAN 251 M Pro"}]},{"@type":"WebSite","@id":"https:\/\/ptrubik.azdigi.shop\/#website","url":"https:\/\/ptrubik.azdigi.shop\/","name":"Rubik","description":"","potentialAction":[{"@type":"SearchAction","target":{"@type":"EntryPoint","urlTemplate":"https:\/\/ptrubik.azdigi.shop\/?s={search_term_string}"},"query-input":{"@type":"PropertyValueSpecification","valueRequired":true,"valueName":"search_term_string"}}],"inLanguage":"vi"}]}},"_links":{"self":[{"href":"https:\/\/ptrubik.azdigi.shop\/index.php?rest_route=\/wp\/v2\/product\/275","targetHints":{"allow":["GET"]}}],"collection":[{"href":"https:\/\/ptrubik.azdigi.shop\/index.php?rest_route=\/wp\/v2\/product"}],"about":[{"href":"https:\/\/ptrubik.azdigi.shop\/index.php?rest_route=\/wp\/v2\/types\/product"}],"replies":[{"embeddable":true,"href":"https:\/\/ptrubik.azdigi.shop\/index.php?rest_route=%2Fwp%2Fv2%2Fcomments&post=275"}],"wp:featuredmedia":[{"embeddable":true,"href":"https:\/\/ptrubik.azdigi.shop\/index.php?rest_route=\/wp\/v2\/media\/276"}],"wp:attachment":[{"href":"https:\/\/ptrubik.azdigi.shop\/index.php?rest_route=%2Fwp%2Fv2%2Fmedia&parent=275"}],"wp:term":[{"taxonomy":"product_brand","embeddable":true,"href":"https:\/\/ptrubik.azdigi.shop\/index.php?rest_route=%2Fwp%2Fv2%2Fproduct_brand&post=275"},{"taxonomy":"product_cat","embeddable":true,"href":"https:\/\/ptrubik.azdigi.shop\/index.php?rest_route=%2Fwp%2Fv2%2Fproduct_cat&post=275"},{"taxonomy":"product_tag","embeddable":true,"href":"https:\/\/ptrubik.azdigi.shop\/index.php?rest_route=%2Fwp%2Fv2%2Fproduct_tag&post=275"}],"curies":[{"name":"wp","href":"https:\/\/api.w.org\/{rel}","templated":true}]}}